{"id":1035,"date":"2020-12-17T18:28:27","date_gmt":"2020-12-17T21:28:27","guid":{"rendered":"https:\/\/des-bue.infd.edu.ar\/sitio\/?page_id=1035"},"modified":"2021-03-11T14:42:35","modified_gmt":"2021-03-11T17:42:35","slug":"normativa","status":"publish","type":"page","link":"https:\/\/des-bue.infd.edu.ar\/sitio\/normativa\/","title":{"rendered":"Normativa"},"content":{"rendered":"<h3>Resoluciones<\/h3>\n<ul>\n<li><a href=\"https:\/\/drive.google.com\/file\/d\/1wRwiSvF5gx7NDO0EMLJU-eXIiVrPvstz\/view?usp=sharing\" target=\"_blank\" rel=\"noopener\">Resoluci\u00f3n 2383\/05: Reglamento marco donde se detallan fines, objetivos, y funcionamiento de los institutos de Educaci\u00f3n Superior.<\/a><\/li>\n<li><a href=\"https:\/\/drive.google.com\/file\/d\/1IG-xc2YPchQC1MWPG7-UQIUD6VeBen5T\/view?usp=sharing\" target=\"_blank\" rel=\"noopener\">Resoluci\u00f3n 4042\/09: Se detallan y especifican las formas de constituci\u00f3n, funci\u00f3n y estatuto del Consejo Provincial de Educaci\u00f3n Superior.<\/a><\/li>\n<li><a href=\"https:\/\/drive.google.com\/file\/d\/10IFwHHjg6xHAmW8lWpG8gaMOyvhRCoJx\/view?usp=sharing\" target=\"_blank\" rel=\"noopener\">Resoluci\u00f3n 4043\/09: Se legisla el Reglamento Acad\u00e9mico Marco que refiere a las condiciones de matriculaci\u00f3n, trayectoria y promoci\u00f3n.<\/a><\/li>\n<li><a href=\"https:\/\/drive.google.com\/file\/d\/1Wfj8b6GOemq66CSdjZdL6HFnAQ_IO0wv\/view?usp=sharing\" target=\"_blank\" rel=\"noopener\">Resoluci\u00f3n 4044\/09: Se detallan la naturaleza, funciones y reglamento acerca del Consejo Acad\u00e9mico Institucional (CAI).<\/a><\/li>\n<li><a href=\"https:\/\/drive.google.com\/file\/d\/1-Na6DzffApaKhN874iNxD_MoHvuwWVDk\/view?usp=sharing\" target=\"_blank\" rel=\"noopener\">Resoluci\u00f3n 1639\/17: Contiene modificaciones a las equivalencias de la 4043, de pr\u00e1cticas, \u00e1mbito curricular y carreras de la 2383.<\/a><\/li>\n<li><a href=\"https:\/\/drive.google.com\/file\/d\/14if37aKKDGJANlLV2ITXp4uc6_Udce_o\/view?usp=sharing\" target=\"_blank\" rel=\"noopener\">Resoluci\u00f3n 5886\/03: Se detallan los criterios necesarios para acceder a la cobertura de c\u00e1tedras, de Provisionales y Suplentes.<\/a><\/li>\n<li><a href=\"https:\/\/drive.google.com\/file\/d\/1XFkJMa1a4D3tdKkDqQFR7E3zUOTWbhv3\/view?usp=sharing\" target=\"_blank\" rel=\"noopener\">Resoluci\u00f3n 3121\/04: Establece las condiciones para la figura de ayudante de c\u00e1tedra y las formas de acreditaci\u00f3n.<\/a><\/li>\n<li><a href=\"https:\/\/drive.google.com\/file\/d\/1gI7DedbseuqU74B-xZ6kmbsK6b5vqDjH\/view?usp=sharing\" target=\"_blank\" rel=\"noopener\">Resoluci\u00f3n 4900\/05: Establece el estatuto para el funcionamiento de los Centros de estudiantes, y sus formas de organizaci\u00f3n formal.<\/a><\/li>\n<li><a href=\"https:\/\/drive.google.com\/file\/d\/1k430niswbhwSn98bQIP3kKpsQiBBCAvM\/view?usp=sharing\" target=\"_blank\" rel=\"noopener\">Resoluci\u00f3n 1504\/11: Describe los criterios para la imposici\u00f3n de nombres de los institutos, as\u00ed como para rectificar o ratificar.<\/a><\/li>\n<li><a href=\"https:\/\/drive.google.com\/file\/d\/1pqtI9gsohkzQQXrzM9nDzXLjpDpgnnaS\/view?usp=sharing\" target=\"_blank\" rel=\"noopener\">Resoluci\u00f3n conjunta 1872\/20: Se aprueba el documento \u00abcurriculum prioritario\u00bb, con pautas para su implementaci\u00f3n y organizaci\u00f3n pedag\u00f3gica &#8211;\u00a0<\/a><a href=\"https:\/\/drive.google.com\/file\/d\/1vuvMdc38N5ZVsloCa-_L7eMgWAxCG3WS\/view?usp=sharing\">Anexo I: Curriculum Prioritario.<\/a><\/li>\n<\/ul>\n<h3>Disposiciones<\/h3>\n<ul>\n<li><a href=\"https:\/\/drive.google.com\/file\/d\/19LkASIh7wkra7W1O-1YR0syPFAhZjAQ2\/view?usp=sharing\" target=\"_blank\" rel=\"noopener\">Disposici\u00f3n 30\/05: Se detallan los puntos que deben contener los proyectos anuales de c\u00e1tedra.<\/a><\/li>\n<\/ul>\n<h3>Circulares t\u00e9cnicas conjuntas<\/h3>\n<ul>\n<li><a href=\"https:\/\/des-bue.infd.edu.ar\/sitio\/circular-tecnica-conjunta-n-1_2020-sobre-la-evaluacion-en-el-nivel-superior-en-tiempos-de-pandemia-313-kb\/\">Circular T\u00e9cnica Conjunta N\u00b0 1_2020. Sobre la evaluaci\u00f3n en el Nivel Superior en tiempos de pandemia<\/a><\/li>\n<li><a href=\"https:\/\/des-bue.infd.edu.ar\/sitio\/circular-tecnica-conjunta-n-2_2020-sobre-mesas-de-examen-en-contexto-de-aspo-167-kb\/\">Circular T\u00e9cnica Conjunta N\u00b0 2_2020. Sobre mesas de examen en contexto de ASPO<\/a><\/li>\n<li><a href=\"https:\/\/des-bue.infd.edu.ar\/sitio\/circular-tecnica-conjunta-n-2_2020-ampliatoria-447-kb\/\">Circular T\u00e9cnica Conjunta N\u00b0 2_2020 (ampliatoria)<\/a><\/li>\n<\/ul>\n<h3>Comunicaciones<\/h3>\n<p>2021<\/p>\n<ul>\n<li><a href=\"https:\/\/des-bue.infd.edu.ar\/sitio\/comunicacion-conjunta-n-2_21-taller-inicial\/\">Comunicaci\u00f3n conjunta N\u00ba2_21- Taller inicial<\/a><\/li>\n<li><a href=\"https:\/\/des-bue.infd.edu.ar\/sitio\/comunicacion-no1_dfdi-jornadas-institucionales-feb-2021\/\">Comunicaci\u00f3n N\u00ba1_21_DFDI &#8211; Jornadas Institucionales &#8211; Feb 2021<\/a><\/li>\n<\/ul>\n<p>2020<\/p>\n<ul>\n<li><a href=\"https:\/\/drive.google.com\/file\/d\/1iWxVvCfQFm4DPlbPX6Qv3A3wBti2kq6r\/view?usp=sharing\" target=\"_blank\" rel=\"noopener\">Comunicaci\u00f3n 1: Presentaci\u00f3n de autoridades de la Direcci\u00f3n de Formaci\u00f3n Docente Inicial y de la Direcci\u00f3n de Formaci\u00f3n Docente Permanente.<\/a><\/li>\n<li><a href=\"https:\/\/drive.google.com\/file\/d\/1NcP2G3tj8BDGllDpMuIVfLh7anMnpWmK\/view?usp=sharing\" target=\"_blank\" rel=\"noopener\">Comunicaci\u00f3n 2: Postergaci\u00f3n del inicio de los post\u00edtulos docentes y las disposiciones pertinentes.<\/a><\/li>\n<li><a href=\"https:\/\/drive.google.com\/file\/d\/1DWt6Jkkt312BqqIhZm-4c2NUp8bxTK2R\/view?usp=sharing\" target=\"_blank\" rel=\"noopener\">Comunicaci\u00f3n 3: Presentaci\u00f3n de la Subdirectora de Desarrollo Curricular. Informaci\u00f3n sobre mesas de ex\u00e1menes e inscripciones a materias en el aislamiento.<\/a><\/li>\n<li><a href=\"https:\/\/drive.google.com\/file\/d\/1YGLRLkYBQtbT7aoCb1H4oP0K10cLj-F9\/view?usp=sharing\" target=\"_blank\" rel=\"noopener\">Comunicaci\u00f3n 4: Fecha de inicio de clases para primer a\u00f1o. Presentaci\u00f3n de propuesta de reorganizaci\u00f3n por campos para hacer lugar a los que llegan.<\/a><\/li>\n<li><a href=\"https:\/\/drive.google.com\/file\/d\/1Qd3NgzFwwlliUiicjxw_fbWRZlDOYEAb\/view?usp=sharing\" target=\"_blank\" rel=\"noopener\">Comunicaci\u00f3n 5: Documento de trabajo. Orientaciones para la organizaci\u00f3n de la ense\u00f1anza en primer a\u00f1o. Hacer lugar a los que llegan.<\/a><\/li>\n<li><a href=\"https:\/\/drive.google.com\/file\/d\/1kGW42xXYtu5VjAUfAT4Uy77tkOtxjkRN\/view?usp=sharing\" target=\"_blank\" rel=\"noopener\">Comunicaci\u00f3n 6: Postergaci\u00f3n del inicio de los tramos de formaci\u00f3n pedag\u00f3gica nivel secundario y superior.<\/a><\/li>\n<li><a href=\"https:\/\/drive.google.com\/file\/d\/1ltrGwZAK_TS6hg9Rb7h929VVtS56uzV9\/view?usp=sharing\" target=\"_blank\" rel=\"noopener\">Comunicaci\u00f3n 7: Las pr\u00e1cticas docentes en la formaci\u00f3n docente inicial: reflexiones, interrogantes y orientaciones en aislamiento.<\/a><\/li>\n<li><a href=\"https:\/\/drive.google.com\/file\/d\/1Hug2CdscFpf0rSnjWx594yQx39dsXFqj\/view?usp=sharing\" target=\"_blank\" rel=\"noopener\">Comunicaci\u00f3n 8: Se abordan las designaciones docentes, certificaciones de los estudiantes y\u00a0 acreditaciones pendientes.<\/a><\/li>\n<li><a href=\"https:\/\/drive.google.com\/file\/d\/1YWM2tAGk8Gx7Ig0jfByHdU7QNdWjqSrX\/view?usp=sharing\" target=\"_blank\" rel=\"noopener\">Comunicaci\u00f3n 9: Se establecen los criterios para el Tratamiento de la Oferta Formativa 2021.<\/a><\/li>\n<li><a href=\"https:\/\/drive.google.com\/file\/d\/17jsweUW85-l8XX-Z0LiGqzcrEd6meYhv\/view?usp=sharing\" target=\"_blank\" rel=\"noopener\">Comunicaci\u00f3n 10: Se detallan y especifican los modos de organizaci\u00f3n del Programa de Coordinadores\/as Institucionales de Pol\u00edticas Estudiantiles (CIPE).<\/a><\/li>\n<li><a href=\"https:\/\/drive.google.com\/file\/d\/1oEoZcBx8jBuTXWqysZJ0ZjNd7lzwCn1s\/view?usp=sharing\" target=\"_blank\" rel=\"noopener\">Comunicaci\u00f3n 11: Orientaciones para la elaboraci\u00f3n de las propuestas de curriculum priorizado en el Nivel Superior.<\/a><\/li>\n<\/ul>\n<h3>Dise\u00f1os curriculares<\/h3>\n<ul>\n<li><a href=\"https:\/\/drive.google.com\/file\/d\/1S3QWLm6-FI_oNwloHxGbfXN6cTyoqW31\/view?usp=sharing\" target=\"_blank\" rel=\"noopener\">Dise\u00f1o Curricular Profesorado de Biolog\u00eda &#8211; Resoluci\u00f3n 13259\/99<\/a><\/li>\n<li><a href=\"https:\/\/drive.google.com\/file\/d\/10WTRgTlXpEZvbUqXlSJUheYtjm0OLs-y\/view?usp=sharing\" target=\"_blank\" rel=\"noopener\">Dise\u00f1o Curricular Profesorado de Qu\u00edmica &#8211;\u00a0Resoluci\u00f3n 13259\/99<\/a><\/li>\n<li><a href=\"https:\/\/drive.google.com\/file\/d\/1HAPFzMwFFYeWqvqWygLVlA94oEdX768k\/view?usp=sharing\" target=\"_blank\" rel=\"noopener\">Dise\u00f1o Curricular Profesorado de F\u00edsica &#8211;\u00a0Resoluci\u00f3n 13259\/99<\/a><\/li>\n<li><a href=\"https:\/\/drive.google.com\/file\/d\/16BMbeQ_-IaaZGIkMo8_C9tY7X_8Algq6\/view?usp=sharing\" target=\"_blank\" rel=\"noopener\">Dise\u00f1o Curricular Profesorado de Historia y Geograf\u00eda &#8211;\u00a0Resoluci\u00f3n 13259\/99<\/a><\/li>\n<li><a href=\"https:\/\/drive.google.com\/file\/d\/1dvJRfrFvsGo40sbaiLRxFHZU8efeoGok\/view?usp=sharing\" target=\"_blank\" rel=\"noopener\">Dise\u00f1o Curricular Profesorado de Econom\u00eda &#8211;\u00a0Resoluci\u00f3n 13297\/99<\/a><\/li>\n<li><a href=\"https:\/\/drive.google.com\/file\/d\/1swoIH4suHQMLe1YYOgpAcgWGCsxnubij\/view?usp=sharing\" target=\"_blank\" rel=\"noopener\">Dise\u00f1o Curricular Profesorado de Ciencias Pol\u00edticas &#8211;\u00a0Resoluci\u00f3n 13297\/99<\/a><\/li>\n<li><a href=\"https:\/\/drive.google.com\/file\/d\/1dvJRfrFvsGo40sbaiLRxFHZU8efeoGok\/view?usp=sharing\" target=\"_blank\" rel=\"noopener\">Dise\u00f1o Curricular Profesorado de Filosof\u00eda &#8211;\u00a0Resoluci\u00f3n 13297\/99<\/a><\/li>\n<li><a href=\"https:\/\/drive.google.com\/file\/d\/1c0UFpgdsXaxZt50hQtStF0Vzgs7FrPMR\/view?usp=sharing\" target=\"_blank\" rel=\"noopener\">Dise\u00f1o Curricular Profesorado de Psicolog\u00eda &#8211; Resoluci\u00f3n 3154\/02<\/a><\/li>\n<li><a href=\"https:\/\/drive.google.com\/file\/d\/1qbu4K4j7YKr3HEY5giwHljiCx51PlmHd\/view?usp=sharing\" target=\"_blank\" rel=\"noopener\">Dise\u00f1o Curricular Profesorado de Educaci\u00f3n Inicial y Primaria- Resoluci\u00f3n 4154\/07<\/a><\/li>\n<li><a href=\"https:\/\/drive.google.com\/file\/d\/1dQt6BErbCwi_-WT3F5VjonQM0s5aZDgn\/view?usp=sharing\" target=\"_blank\" rel=\"noopener\">Dise\u00f1o Curricular Profesorado de Educaci\u00f3n Especial &#8211;\u00a0Resoluci\u00f3n 1009\/09<\/a><\/li>\n<li><a href=\"https:\/\/drive.google.com\/file\/d\/11DDUSqxjqiffG0Ud7Xf4GXQClX6_igky\/view?usp=sharing\" target=\"_blank\" rel=\"noopener\">Dise\u00f1o Curricular Profesorado de Educaci\u00f3n F\u00edsica &#8211;\u00a0Resoluci\u00f3n 2432\/09<\/a><\/li>\n<li><a href=\"https:\/\/drive.google.com\/file\/d\/1IAY066L-EYOfBJx6Yhw1t6CkmpS9UJhn\/view?usp=sharing\" target=\"_blank\" rel=\"noopener\">Dise\u00f1o Curricular Profesorado de Educaci\u00f3n Secundaria en Ingl\u00e9s &#8211;\u00a0Resoluci\u00f3n 1860\/17<\/a><\/li>\n<li><a href=\"https:\/\/drive.google.com\/file\/d\/16qBa0tEpGUIfdmBv-TnvnU6VUWgrgU8a\/view?usp=sharing\" target=\"_blank\" rel=\"noopener\">Dise\u00f1o Curricular Profesorado de Educaci\u00f3n Secundaria en Matem\u00e1tica &#8211;\u00a0Resoluci\u00f3n 1861\/17<\/a><\/li>\n<li><a href=\"https:\/\/drive.google.com\/file\/d\/114_rnEOiCnYGuRtyGDs_UeviwgRIkZdR\/view?usp=sharing\" target=\"_blank\" rel=\"noopener\">Dise\u00f1o Curricular Profesorado de Educaci\u00f3n Secundaria en Lengua y Literatura &#8211;\u00a0Resoluci\u00f3n 1862\/17<\/a><\/li>\n<\/ul>\n","protected":false},"excerpt":{"rendered":"<p>Resoluciones Resoluci\u00f3n 2383\/05: Reglamento marco donde se detallan fines, objetivos, y funcionamiento de los institutos de Educaci\u00f3n Superior. Resoluci\u00f3n 4042\/09: Se detallan y especifican las formas de constituci\u00f3n, funci\u00f3n y estatuto del Consejo Provincial de Educaci\u00f3n Superior. Resoluci\u00f3n 4043\/09: Se legisla el Reglamento Acad\u00e9mico Marco que refiere a las condiciones de matriculaci\u00f3n, trayectoria y promoci\u00f3n. &#8230; <a title=\"Normativa\" class=\"read-more\" href=\"https:\/\/des-bue.infd.edu.ar\/sitio\/normativa\/\" aria-label=\"More on Normativa\">[+]<\/a><\/p>\n","protected":false},"author":1300,"featured_media":0,"parent":0,"menu_order":0,"comment_status":"closed","ping_status":"closed","template":"","meta":[],"acf":[],"_links":{"self":[{"href":"https:\/\/des-bue.infd.edu.ar\/sitio\/wp-json\/wp\/v2\/pages\/1035"}],"collection":[{"href":"https:\/\/des-bue.infd.edu.ar\/sitio\/wp-json\/wp\/v2\/pages"}],"about":[{"href":"https:\/\/des-bue.infd.edu.ar\/sitio\/wp-json\/wp\/v2\/types\/page"}],"author":[{"embeddable":true,"href":"https:\/\/des-bue.infd.edu.ar\/sitio\/wp-json\/wp\/v2\/users\/1300"}],"replies":[{"embeddable":true,"href":"https:\/\/des-bue.infd.edu.ar\/sitio\/wp-json\/wp\/v2\/comments?post=1035"}],"version-history":[{"count":24,"href":"https:\/\/des-bue.infd.edu.ar\/sitio\/wp-json\/wp\/v2\/pages\/1035\/revisions"}],"predecessor-version":[{"id":1491,"href":"https:\/\/des-bue.infd.edu.ar\/sitio\/wp-json\/wp\/v2\/pages\/1035\/revisions\/1491"}],"wp:attachment":[{"href":"https:\/\/des-bue.infd.edu.ar\/sitio\/wp-json\/wp\/v2\/media?parent=1035"}],"curies":[{"name":"wp","href":"https:\/\/api.w.org\/{rel}","templated":true}]}}