{"id":286,"date":"2016-10-31T13:17:59","date_gmt":"2016-10-31T16:17:59","guid":{"rendered":"https:\/\/des-bue.infd.edu.ar\/sitio\/?page_id=286"},"modified":"2024-02-09T10:09:24","modified_gmt":"2024-02-09T13:09:24","slug":"inicio","status":"publish","type":"page","link":"https:\/\/des-bue.infd.edu.ar\/sitio\/","title":{"rendered":"Inicio"},"content":{"rendered":"<div id=\"metaslider-id-403\" style=\"width: 100%;\" class=\"ml-slider-3-33-0 metaslider metaslider-flex metaslider-403 ml-slider ms-theme-default\" role=\"region\" aria-roledescription=\"Slideshow\" aria-label=\"Slideshow\">\n    <div id=\"metaslider_container_403\">\n        <div id=\"metaslider_403\" class=\"flexslider\">\n            <ul aria-live=\"polite\" class=\"slides\">\n                <li style=\"display: block; width: 100%;\" class=\"slide-607 ms-image\" aria-roledescription=\"slide\" aria-label=\"slide-607\"><a href=\"http:\/\/abc.gob.ar\/secretarias\/niveles\/direccion_de_formacion_docente_inicial\" target=\"_blank\"><img src=\"https:\/\/des-bue.infd.edu.ar\/sitio\/wp-content\/uploads\/2020\/12\/SLIDER-con-papeles.jpg\" height=\"200\" width=\"1100\" alt=\"\" class=\"slider-403 slide-607\" title=\"SLIDER con papeles\" \/><\/a><\/li>\n                <li style=\"display: none; width: 100%;\" class=\"slide-609 ms-image\" aria-roledescription=\"slide\" aria-label=\"slide-609\"><a href=\"http:\/\/abc.gob.ar\/secretarias\/niveles\/direccion_de_formacion_docente_permanente\" target=\"_blank\"><img src=\"https:\/\/des-bue.infd.edu.ar\/sitio\/wp-content\/uploads\/2020\/12\/SLIDER-PERMANENTE-sin-dibujos-2.jpg\" height=\"200\" width=\"1100\" alt=\"\" class=\"slider-403 slide-609\" title=\"SLIDER PERMANENTE sin dibujos\" \/><\/a><\/li>\n                <li style=\"display: none; width: 100%;\" class=\"slide-956 ms-image\" aria-roledescription=\"slide\" aria-label=\"slide-956\"><a href=\"http:\/\/abc.gob.ar\/secretarias\/niveles\/educacion_superior\/boletin\" target=\"_blank\"><img src=\"https:\/\/des-bue.infd.edu.ar\/sitio\/wp-content\/uploads\/2020\/12\/SLIDER-APUNTES-PEDAG\u00d3GICOS-FINAL-1.jpg\" height=\"200\" width=\"1100\" alt=\"\" class=\"slider-403 slide-956\" title=\"SLIDER APUNTES PEDAG\u00d3GICOS FINAL\" \/><\/a><\/li>\n                <li style=\"display: none; width: 100%;\" class=\"slide-962 ms-image\" aria-roledescription=\"slide\" aria-label=\"slide-962\"><a href=\"https:\/\/www.facebook.com\/superiorPBA\" target=\"_blank\"><img src=\"https:\/\/des-bue.infd.edu.ar\/sitio\/wp-content\/uploads\/2020\/12\/FACEBOOK-1.jpg\" height=\"200\" width=\"1100\" alt=\"\" class=\"slider-403 slide-962\" title=\"FACEBOOK\" \/><\/a><\/li>\n            <\/ul>\n        <\/div>\n        \n    <\/div>\n<\/div>\n<h2 style=\"text-align: justify;\">Acerca de la Direcci\u00f3n<\/h2>\n<p style=\"text-align: justify;\">La Direcci\u00f3n Provincial de Educaci\u00f3n Superior (DPES) tiene como prop\u00f3sito la formaci\u00f3n inicial y permanente del conjunto de docentes de los niveles y modalidades del sistema. De este modo, busca contribuir a conformar un espacio integrado por las diferentes instituciones del nivel.<\/p>\n<p style=\"text-align: justify;\">Se compone de la Direcci\u00f3n de Formaci\u00f3n Docente Inicial (DFDI) y de la Direcci\u00f3n de Formaci\u00f3n Docente Permanente (DFDP), dedicadas a formar docentes para una escuela m\u00e1s justa. La DFDI se propone fortalecer las instituciones educativas, renovar los Dise\u00f1os Curriculares, ofrecer instancias universitarias de formaci\u00f3n de formadores y acompa\u00f1ar las trayectorias estudiantiles.<\/p>\n<p style=\"text-align: justify;\">La DFDP se propone, a trav\u00e9s de los CIIE, atender los problemas de la ense\u00f1anza desde una ampliaci\u00f3n de la agenda con propuestas de formaci\u00f3n para el conjunto de docentes de los niveles y modalidades.<\/p>\n<p><a href=\"http:\/\/abc.gob.ar\/secretarias\/niveles\/educacion_superior\" target=\"_blank\" rel=\"noopener\">[Ir a la web de la DPES]<\/a><\/p>\n","protected":false},"excerpt":{"rendered":"<p>Acerca de la Direcci\u00f3n La Direcci\u00f3n Provincial de Educaci\u00f3n Superior (DPES) tiene como prop\u00f3sito la formaci\u00f3n inicial y permanente del conjunto de docentes de los niveles y modalidades del sistema. De este modo, busca contribuir a conformar un espacio integrado por las diferentes instituciones del nivel. Se compone de la Direcci\u00f3n de Formaci\u00f3n Docente Inicial &#8230; <a title=\"Inicio\" class=\"read-more\" href=\"https:\/\/des-bue.infd.edu.ar\/sitio\/\" aria-label=\"More on Inicio\">[+]<\/a><\/p>\n","protected":false},"author":1,"featured_media":0,"parent":0,"menu_order":0,"comment_status":"closed","ping_status":"closed","template":"","meta":[],"acf":[],"_links":{"self":[{"href":"https:\/\/des-bue.infd.edu.ar\/sitio\/wp-json\/wp\/v2\/pages\/286"}],"collection":[{"href":"https:\/\/des-bue.infd.edu.ar\/sitio\/wp-json\/wp\/v2\/pages"}],"about":[{"href":"https:\/\/des-bue.infd.edu.ar\/sitio\/wp-json\/wp\/v2\/types\/page"}],"author":[{"embeddable":true,"href":"https:\/\/des-bue.infd.edu.ar\/sitio\/wp-json\/wp\/v2\/users\/1"}],"replies":[{"embeddable":true,"href":"https:\/\/des-bue.infd.edu.ar\/sitio\/wp-json\/wp\/v2\/comments?post=286"}],"version-history":[{"count":90,"href":"https:\/\/des-bue.infd.edu.ar\/sitio\/wp-json\/wp\/v2\/pages\/286\/revisions"}],"predecessor-version":[{"id":1722,"href":"https:\/\/des-bue.infd.edu.ar\/sitio\/wp-json\/wp\/v2\/pages\/286\/revisions\/1722"}],"wp:attachment":[{"href":"https:\/\/des-bue.infd.edu.ar\/sitio\/wp-json\/wp\/v2\/media?parent=286"}],"curies":[{"name":"wp","href":"https:\/\/api.w.org\/{rel}","templated":true}]}}