{"id":917,"date":"2020-12-10T16:38:39","date_gmt":"2020-12-10T19:38:39","guid":{"rendered":"https:\/\/des-bue.infd.edu.ar\/sitio\/?page_id=917"},"modified":"2021-03-28T21:25:43","modified_gmt":"2021-03-29T00:25:43","slug":"formacion-inicial","status":"publish","type":"page","link":"https:\/\/des-bue.infd.edu.ar\/sitio\/formacion-inicial\/","title":{"rendered":"FORMACI\u00d3N INICIAL"},"content":{"rendered":"<h1>Formaci\u00f3n Docente Inicial<\/h1>\n<div  class=\"lgc-column lgc-grid-parent lgc-grid-80 lgc-tablet-grid-80 lgc-mobile-grid-100 lgc-equal-heights \"><div  class=\"inside-grid-column\">\n<h2><strong>CONVERSACIONES @CERCA DE LA FORMACI\u00d3N<\/strong><\/h2>\n<p><strong>Tres ciclos especialmente dirigidos a formadores de docentes. <\/strong>Compartiremos l\u00edneas de pol\u00edtica educativa, experiencias de trabajo y materiales producidos por las tres Direcciones de Nivel.<\/p>\n<ul>\n<li><strong>Nivel inicial &#8211;<\/strong> Mi\u00e9rcoles 31 de marzo y 7, 14 y 21 de abril a las 18.<br \/>\nEnlace del primer encuentro: <a href=\"http:\/\/bit.ly\/ConversacionesInicial\" target=\"_blank\" rel=\"noopener\">bit.ly\/ConversacionesInicial<\/a><\/li>\n<\/ul>\n<ul>\n<li><strong>Nivel primario &#8211;<\/strong> Martes 6, 13 y 20 de abril a las 18.<br \/>\nEnlace del primer encuentro: <a href=\"http:\/\/bit.ly\/ConversacionesPrimaria\" target=\"_blank\" rel=\"noopener\">bit.ly\/ConversacionesPrimaria<\/a><\/li>\n<\/ul>\n<ul>\n<li><strong>Nivel secundario &#8211;<\/strong> Jueves 15, 22 y 29 de abril a las 18.<br \/>\nEnlace del primer encuentro: <a href=\"http:\/\/bit.ly\/ConversacionesSecundaria\" target=\"_blank\" rel=\"noopener\">bit.ly\/ConversacionesSecundaria<\/a><\/li>\n<\/ul>\n<p><\/p><\/div><\/div>\n<div  class=\"lgc-column lgc-grid-parent lgc-grid-20 lgc-tablet-grid-20 lgc-mobile-grid-100 lgc-equal-heights \"><div  class=\"inside-grid-column\">\n<p><a href=\"https:\/\/des-bue.infd.edu.ar\/sitio\/institutos\/\"><img decoding=\"async\" loading=\"lazy\" class=\"aligncenter wp-image-1617 size-full\" src=\"https:\/\/des-bue.infd.edu.ar\/sitio\/wp-content\/uploads\/2021\/03\/INSTITUTO-SIN-dibujo.png\" alt=\"\" width=\"500\" height=\"94\" \/><\/a><\/p>\n<p><a href=\"https:\/\/des-bue.infd.edu.ar\/sitio\/normativa\/\"><img decoding=\"async\" loading=\"lazy\" class=\"aligncenter wp-image-1618 size-full\" src=\"https:\/\/des-bue.infd.edu.ar\/sitio\/wp-content\/uploads\/2021\/03\/NORMATIVA-SIN-dibujo.png\" alt=\"\" width=\"500\" height=\"110\" \/><\/a><\/p>\n<p><img decoding=\"async\" loading=\"lazy\" class=\"wp-image-1615 size-full aligncenter\" src=\"https:\/\/des-bue.infd.edu.ar\/sitio\/wp-content\/uploads\/2021\/03\/DATOS-UTILES-SIN-dibujo.png\" alt=\"\" width=\"500\" height=\"118\" \/><\/p>\n<p><\/p><\/div><\/div><div class=\"lgc-clear\"><\/div>\n<div  class=\"lgc-column lgc-grid-parent lgc-grid-33 lgc-tablet-grid-33 lgc-mobile-grid-33 lgc-equal-heights \"><div  class=\"inside-grid-column\"><img decoding=\"async\" loading=\"lazy\" class=\"wp-image-1616 size-full alignnone\" src=\"https:\/\/des-bue.infd.edu.ar\/sitio\/wp-content\/uploads\/2021\/03\/DESARROLLO-Y-ACTUALIZACI\u00d3N-CURRICULAR-e1616856244795.png\" alt=\"\" width=\"263\" height=\"263\" \/><\/div><\/div><div  class=\"lgc-column lgc-grid-parent lgc-grid-33 lgc-tablet-grid-33 lgc-mobile-grid-33 lgc-equal-heights \"><div  class=\"inside-grid-column\"><img decoding=\"async\" loading=\"lazy\" class=\"wp-image-1619 size-full aligncenter\" src=\"https:\/\/des-bue.infd.edu.ar\/sitio\/wp-content\/uploads\/2021\/03\/POL\u00cdTICAS-ESTUDIANTILES-e1616856758491.png\" alt=\"\" width=\"263\" height=\"263\" \/><\/div><\/div><div  class=\"lgc-column lgc-grid-parent lgc-grid-33 lgc-tablet-grid-33 lgc-mobile-grid-33 lgc-equal-heights \"><div  class=\"inside-grid-column\"><img decoding=\"async\" loading=\"lazy\" class=\"size-full wp-image-1614 alignright\" src=\"https:\/\/des-bue.infd.edu.ar\/sitio\/wp-content\/uploads\/2021\/03\/ACOMPA\u00d1AMIENTO-A-LAS-e1616856312481.png\" alt=\"\" width=\"263\" height=\"263\" \/><\/div><\/div><div class=\"lgc-clear\"><\/div>\n<h2>Acerca de la Direcci\u00f3n<\/h2>\n<p><span style=\"font-weight: 400;\">La Direcci\u00f3n de Formaci\u00f3n Docente Inicial (DFDI) se ocupa de acompa\u00f1ar a los ISFD-ISFDyT de la provincia y tiene como horizonte asegurar que las ni\u00f1as, ni\u00f1os, adolescentes y j\u00f3venes cuenten con docentes s\u00f3lidamente formados con un posicionamiento \u00e9tico, pol\u00edtico y pedag\u00f3gico que tenga a la igualdad como una convicci\u00f3n irrenunciable.<\/span><\/p>\n<p><span style=\"font-weight: 400;\">Para lograr este fin, las l\u00edneas de trabajo son:<\/span><\/p>\n<ul>\n<li style=\"font-weight: 400;\" aria-level=\"1\"><span style=\"font-weight: 400;\">El acompa\u00f1amiento al ingreso. Fortalecimiento de trayectorias en los primeros a\u00f1os de la formaci\u00f3n docente;<\/span><\/li>\n<li style=\"font-weight: 400;\" aria-level=\"1\"><span style=\"font-weight: 400;\">La democratizaci\u00f3n y gobierno institucional;<\/span><\/li>\n<li style=\"font-weight: 400;\" aria-level=\"1\"><span style=\"font-weight: 400;\">La revisi\u00f3n, actualizaci\u00f3n y construcci\u00f3n curricular;<\/span><\/li>\n<li style=\"font-weight: 400;\" aria-level=\"1\"><span style=\"font-weight: 400;\">La formaci\u00f3n cultural de las y los estudiantes en tanto futuros docentes.<\/span><\/li>\n<li style=\"font-weight: 400;\" aria-level=\"1\"><span style=\"font-weight: 400;\">La semipresencialidad como una alternativa necesaria;<\/span><\/li>\n<li style=\"font-weight: 400;\" aria-level=\"1\"><span style=\"font-weight: 400;\">Las pr\u00e1cticas docentes. Trabajo territorial y jerarquizaci\u00f3n docente con escuelas coformadoras;<\/span><\/li>\n<\/ul>\n<p><span style=\"font-weight: 400;\">Asimismo, la Direcci\u00f3n de Formaci\u00f3n Docente Inicial (DFDI), se propone trabajar transversalmente las complejas transformaciones del mundo contempor\u00e1neo, entre las cuales destacamos como prioridades la cultura digital y la ESI en la formaci\u00f3n docente.<\/span><\/p>\n<p><a href=\"http:\/\/abc.gob.ar\/secretarias\/niveles\/direccion_de_formacion_docente_inicial\" target=\"_blank\" rel=\"noopener\">[Ir a la web de la DFDI-Sitio ABC]<\/a><\/p>\n","protected":false},"excerpt":{"rendered":"<p>Formaci\u00f3n Docente Inicial Acerca de la Direcci\u00f3n La Direcci\u00f3n de Formaci\u00f3n Docente Inicial (DFDI) se ocupa de acompa\u00f1ar a los ISFD-ISFDyT de la provincia y tiene como horizonte asegurar que las ni\u00f1as, ni\u00f1os, adolescentes y j\u00f3venes cuenten con docentes s\u00f3lidamente formados con un posicionamiento \u00e9tico, pol\u00edtico y pedag\u00f3gico que tenga a la igualdad como una &#8230; <a title=\"FORMACI\u00d3N INICIAL\" class=\"read-more\" href=\"https:\/\/des-bue.infd.edu.ar\/sitio\/formacion-inicial\/\" aria-label=\"More on FORMACI\u00d3N INICIAL\">[+]<\/a><\/p>\n","protected":false},"author":2148,"featured_media":0,"parent":0,"menu_order":0,"comment_status":"closed","ping_status":"closed","template":"","meta":[],"acf":[],"_links":{"self":[{"href":"https:\/\/des-bue.infd.edu.ar\/sitio\/wp-json\/wp\/v2\/pages\/917"}],"collection":[{"href":"https:\/\/des-bue.infd.edu.ar\/sitio\/wp-json\/wp\/v2\/pages"}],"about":[{"href":"https:\/\/des-bue.infd.edu.ar\/sitio\/wp-json\/wp\/v2\/types\/page"}],"author":[{"embeddable":true,"href":"https:\/\/des-bue.infd.edu.ar\/sitio\/wp-json\/wp\/v2\/users\/2148"}],"replies":[{"embeddable":true,"href":"https:\/\/des-bue.infd.edu.ar\/sitio\/wp-json\/wp\/v2\/comments?post=917"}],"version-history":[{"count":103,"href":"https:\/\/des-bue.infd.edu.ar\/sitio\/wp-json\/wp\/v2\/pages\/917\/revisions"}],"predecessor-version":[{"id":1709,"href":"https:\/\/des-bue.infd.edu.ar\/sitio\/wp-json\/wp\/v2\/pages\/917\/revisions\/1709"}],"wp:attachment":[{"href":"https:\/\/des-bue.infd.edu.ar\/sitio\/wp-json\/wp\/v2\/media?parent=917"}],"curies":[{"name":"wp","href":"https:\/\/api.w.org\/{rel}","templated":true}]}}